{"id":582,"date":"2025-04-17T05:55:30","date_gmt":"2025-04-17T05:55:30","guid":{"rendered":"https:\/\/a1-salvage.com\/?page_id=582"},"modified":"2025-06-08T05:04:32","modified_gmt":"2025-06-08T05:04:32","slug":"faq","status":"publish","type":"page","link":"https:\/\/a1-salvage.com\/es\/faq\/","title":{"rendered":"FAQ"},"content":{"rendered":"\t\t<div data-elementor-type=\"wp-page\" data-elementor-id=\"582\" class=\"elementor elementor-582\" data-elementor-post-type=\"page\">\n\t\t\t\t<header class=\"elementor-element elementor-element-4104d2c e-flex e-con-boxed e-con e-parent\" data-id=\"4104d2c\" data-element_type=\"container\" data-e-type=\"container\" data-settings=\"{&quot;background_background&quot;:&quot;classic&quot;}\">\n\t\t\t\t\t<div class=\"e-con-inner\">\n\t\t<div class=\"elementor-element elementor-element-37f46bf e-con-full e-flex e-con e-child\" data-id=\"37f46bf\" data-element_type=\"container\" data-e-type=\"container\">\n\t\t\t\t<div class=\"elementor-element elementor-element-d295214 elementor-invisible elementor-widget elementor-widget-heading\" data-id=\"d295214\" data-element_type=\"widget\" data-e-type=\"widget\" data-settings=\"{&quot;_animation&quot;:&quot;fadeInDown&quot;,&quot;_animation_delay&quot;:&quot;200&quot;}\" data-widget_type=\"heading.default\">\n\t\t\t\t<div class=\"elementor-widget-container\">\n\t\t\t\t\t<h1 class=\"elementor-heading-title elementor-size-default\">A1 Salvage Junkyard FAQ<\/h1>\t\t\t\t<\/div>\n\t\t\t\t<\/div>\n\t\t\t\t<\/div>\n\t\t\t\t\t<\/div>\n\t\t\t\t<\/header>\n\t\t<div class=\"elementor-element elementor-element-2052a67 e-flex e-con-boxed e-con e-parent\" data-id=\"2052a67\" data-element_type=\"container\" data-e-type=\"container\" data-settings=\"{&quot;background_background&quot;:&quot;classic&quot;}\">\n\t\t\t\t\t<div class=\"e-con-inner\">\n\t\t<div class=\"elementor-element elementor-element-9cdafee e-con-full e-flex e-con e-child\" data-id=\"9cdafee\" data-element_type=\"container\" data-e-type=\"container\" data-settings=\"{&quot;background_background&quot;:&quot;classic&quot;}\">\n\t\t<div class=\"elementor-element elementor-element-a44b003 e-con-full e-flex e-con e-child\" data-id=\"a44b003\" data-element_type=\"container\" data-e-type=\"container\" data-settings=\"{&quot;background_background&quot;:&quot;classic&quot;}\">\n\t\t\t\t<div class=\"elementor-element elementor-element-5d0c56c elementor-widget elementor-widget-heading\" data-id=\"5d0c56c\" data-element_type=\"widget\" data-e-type=\"widget\" data-widget_type=\"heading.default\">\n\t\t\t\t<div class=\"elementor-widget-container\">\n\t\t\t\t\t<h2 class=\"elementor-heading-title elementor-size-default\">Preguntas m\u00e1s frecuentes (FAQ) - A1 Salvage Junkyard<\/h2>\t\t\t\t<\/div>\n\t\t\t\t<\/div>\n\t\t\t\t<div class=\"elementor-element elementor-element-215441b elementor-widget elementor-widget-text-editor\" data-id=\"215441b\" data-element_type=\"widget\" data-e-type=\"widget\" data-widget_type=\"text-editor.default\">\n\t\t\t\t<div class=\"elementor-widget-container\">\n\t\t\t\t\t\t\t\t\t<div class=\"elementor-element elementor-element-2389d37e e-con-full e-flex e-con e-child\" data-id=\"2389d37e\" data-element_type=\"container\" data-settings=\"{&quot;background_background&quot;:&quot;classic&quot;}\"><div class=\"elementor-element elementor-element-59f979d2 elementor-widget elementor-widget-text-editor\" data-id=\"59f979d2\" data-element_type=\"widget\" data-widget_type=\"text-editor.default\"><div class=\"TypographyPresentation TypographyPresentation--m RichText3-paragraph--withVSpacingNormal RichText3-paragraph\"><p>En A1 Salvage, estamos comprometidos a proporcionar piezas de autom\u00f3viles usados de alta calidad y un servicio al cliente excepcional. A continuaci\u00f3n se presentan algunas preguntas frecuentes para ayudarle a entender mejor nuestros servicios. Tambi\u00e9n nos hemos asegurado de incorporar las mejores pr\u00e1cticas de SEO para hacer esta informaci\u00f3n f\u00e1cilmente accesible.<\/p><\/div><\/div><\/div>\t\t\t\t\t\t\t\t<\/div>\n\t\t\t\t<\/div>\n\t\t\t\t<\/div>\n\t\t<div class=\"elementor-element elementor-element-e5bb693 e-con-full e-flex e-con e-child\" data-id=\"e5bb693\" data-element_type=\"container\" data-e-type=\"container\" data-settings=\"{&quot;background_background&quot;:&quot;classic&quot;}\">\n\t\t\t\t<\/div>\n\t\t\t\t<\/div>\n\t\t\t\t\t<\/div>\n\t\t\t\t<\/div>\n\t\t<div class=\"elementor-element elementor-element-fea5208 e-flex e-con-boxed e-con e-parent\" data-id=\"fea5208\" data-element_type=\"container\" data-e-type=\"container\" data-settings=\"{&quot;background_background&quot;:&quot;classic&quot;}\">\n\t\t\t\t\t<div class=\"e-con-inner\">\n\t\t<div class=\"elementor-element elementor-element-4383abc e-con-full e-flex e-con e-child\" data-id=\"4383abc\" data-element_type=\"container\" data-e-type=\"container\">\n\t\t\t\t<div class=\"elementor-element elementor-element-b3dd9c1 elementor-widget__width-inherit elementor-widget elementor-widget-heading\" data-id=\"b3dd9c1\" data-element_type=\"widget\" data-e-type=\"widget\" data-widget_type=\"heading.default\">\n\t\t\t\t<div class=\"elementor-widget-container\">\n\t\t\t\t\t<h2 class=\"elementor-heading-title elementor-size-default\">Preguntas frecuentes<\/h2>\t\t\t\t<\/div>\n\t\t\t\t<\/div>\n\t\t\t\t<div class=\"elementor-element elementor-element-6050f7b elementor-widget__width-inherit elementor-widget elementor-widget-text-editor\" data-id=\"6050f7b\" data-element_type=\"widget\" data-e-type=\"widget\" data-widget_type=\"text-editor.default\">\n\t\t\t\t<div class=\"elementor-widget-container\">\n\t\t\t\t\t\t\t\t\t<p>Esta p\u00e1gina de preguntas frecuentes responde a preguntas comunes acerca de la compra de piezas usadas de autom\u00f3viles en A1 Salvage, garantizando la calidad y la rentabilidad.<\/p>\t\t\t\t\t\t\t\t<\/div>\n\t\t\t\t<\/div>\n\t\t\t\t<div class=\"elementor-element elementor-element-3398e78 elementor-widget elementor-widget-n-accordion\" data-id=\"3398e78\" data-element_type=\"widget\" data-e-type=\"widget\" data-settings=\"{&quot;default_state&quot;:&quot;expanded&quot;,&quot;max_items_expended&quot;:&quot;one&quot;,&quot;n_accordion_animation_duration&quot;:{&quot;unit&quot;:&quot;ms&quot;,&quot;size&quot;:400,&quot;sizes&quot;:[]}}\" data-widget_type=\"nested-accordion.default\">\n\t\t\t\t<div class=\"elementor-widget-container\">\n\t\t\t\t\t\t\t<div class=\"e-n-accordion\" aria-label=\"Accordion. Open links with Enter or Space, close with Escape, and navigate with Arrow Keys\">\n\t\t\t\t\t\t<details id=\"e-n-accordion-item-5410\" class=\"e-n-accordion-item\" open>\n\t\t\t\t<summary class=\"e-n-accordion-item-title\" data-accordion-index=\"1\" tabindex=\"0\" aria-expanded=\"true\" aria-controls=\"e-n-accordion-item-5410\" >\n\t\t\t\t\t<span class='e-n-accordion-item-title-header'><div class=\"e-n-accordion-item-title-text\"> \u00bfMerece la pena comprar una transmisi\u00f3n usada? <\/div><\/span>\n\t\t\t\t\t\t\t\t\t<\/summary>\n\t\t\t\t<div role=\"region\" aria-labelledby=\"e-n-accordion-item-5410\" class=\"elementor-element elementor-element-679c2bc e-con-full e-flex e-con e-child\" data-id=\"679c2bc\" data-element_type=\"container\" data-e-type=\"container\">\n\t\t\t\t<div class=\"elementor-element elementor-element-a53a4fe elementor-widget elementor-widget-text-editor\" data-id=\"a53a4fe\" data-element_type=\"widget\" data-e-type=\"widget\" data-widget_type=\"text-editor.default\">\n\t\t\t\t<div class=\"elementor-widget-container\">\n\t\t\t\t\t\t\t\t\t<p>S\u00ed, la compra de una transmisi\u00f3n utilizada puede ser una soluci\u00f3n rentable, especialmente si usted elige una fuente confiable como A1 Salvage. Las transmisiones usadas se prueban a fondo para garantizar la calidad y el rendimiento, proporcionando una alternativa fiable a las transmisiones nuevas o remanufacturadas. Esta opci\u00f3n es ideal para aquellos que buscan ahorrar dinero sin comprometer la fiabilidad.<\/p>\t\t\t\t\t\t\t\t<\/div>\n\t\t\t\t<\/div>\n\t\t\t\t<\/div>\n\t\t\t\t\t<\/details>\n\t\t\t\t\t\t<details id=\"e-n-accordion-item-5411\" class=\"e-n-accordion-item\" >\n\t\t\t\t<summary class=\"e-n-accordion-item-title\" data-accordion-index=\"2\" tabindex=\"-1\" aria-expanded=\"false\" aria-controls=\"e-n-accordion-item-5411\" >\n\t\t\t\t\t<span class='e-n-accordion-item-title-header'><div class=\"e-n-accordion-item-title-text\"> \u00bfCu\u00e1nto cuesta una transmisi\u00f3n usada? <\/div><\/span>\n\t\t\t\t\t\t\t\t\t<\/summary>\n\t\t\t\t<div role=\"region\" aria-labelledby=\"e-n-accordion-item-5411\" class=\"elementor-element elementor-element-821b208 e-con-full e-flex e-con e-child\" data-id=\"821b208\" data-element_type=\"container\" data-e-type=\"container\">\n\t\t\t\t<div class=\"elementor-element elementor-element-12c9a06 elementor-widget elementor-widget-text-editor\" data-id=\"12c9a06\" data-element_type=\"widget\" data-e-type=\"widget\" data-widget_type=\"text-editor.default\">\n\t\t\t\t<div class=\"elementor-widget-container\">\n\t\t\t\t\t\t\t\t\t<p>El costo de una transmisi\u00f3n usada var\u00eda dependiendo de la marca y modelo de su veh\u00edculo. En A1 Salvage, ofrecemos transmisiones a precios competitivos para adaptarse a una gama de presupuestos. En promedio, usted puede esperar pagar mucho menos por una transmisi\u00f3n usada en comparaci\u00f3n con uno nuevo, por lo que es una opci\u00f3n m\u00e1s asequible para muchos propietarios de veh\u00edculos.<\/p>\t\t\t\t\t\t\t\t<\/div>\n\t\t\t\t<\/div>\n\t\t\t\t<\/div>\n\t\t\t\t\t<\/details>\n\t\t\t\t\t\t<details id=\"e-n-accordion-item-5412\" class=\"e-n-accordion-item\" >\n\t\t\t\t<summary class=\"e-n-accordion-item-title\" data-accordion-index=\"3\" tabindex=\"-1\" aria-expanded=\"false\" aria-controls=\"e-n-accordion-item-5412\" >\n\t\t\t\t\t<span class='e-n-accordion-item-title-header'><div class=\"e-n-accordion-item-title-text\"> \u00bfEs m\u00e1s barato reconstruir una transmisi\u00f3n u obtener una usada? <\/div><\/span>\n\t\t\t\t\t\t\t\t\t<\/summary>\n\t\t\t\t<div role=\"region\" aria-labelledby=\"e-n-accordion-item-5412\" class=\"elementor-element elementor-element-8d61a43 e-con-full e-flex e-con e-child\" data-id=\"8d61a43\" data-element_type=\"container\" data-e-type=\"container\">\n\t\t\t\t<div class=\"elementor-element elementor-element-f4daa6d elementor-widget elementor-widget-text-editor\" data-id=\"f4daa6d\" data-element_type=\"widget\" data-e-type=\"widget\" data-widget_type=\"text-editor.default\">\n\t\t\t\t<div class=\"elementor-widget-container\">\n\t\t\t\t\t\t\t\t\t<p>Por lo general, comprar una transmisi\u00f3n usada es m\u00e1s asequible que reconstruirla. Reconstrucci\u00f3n de una transmisi\u00f3n puede ser costoso y consume mucho tiempo, especialmente si hay grandes reparaciones necesarias. Una transmisi\u00f3n usada de una fuente de buena reputaci\u00f3n como A1 Salvage ofrece una soluci\u00f3n m\u00e1s r\u00e1pida y, a menudo menos costoso, lo que le permite volver a la carretera antes.<\/p>\t\t\t\t\t\t\t\t<\/div>\n\t\t\t\t<\/div>\n\t\t\t\t<\/div>\n\t\t\t\t\t<\/details>\n\t\t\t\t\t\t<details id=\"e-n-accordion-item-5413\" class=\"e-n-accordion-item\" >\n\t\t\t\t<summary class=\"e-n-accordion-item-title\" data-accordion-index=\"4\" tabindex=\"-1\" aria-expanded=\"false\" aria-controls=\"e-n-accordion-item-5413\" >\n\t\t\t\t\t<span class='e-n-accordion-item-title-header'><div class=\"e-n-accordion-item-title-text\"> \u00bfVale la pena una transmisi\u00f3n de desguace? <\/div><\/span>\n\t\t\t\t\t\t\t\t\t<\/summary>\n\t\t\t\t<div role=\"region\" aria-labelledby=\"e-n-accordion-item-5413\" class=\"elementor-element elementor-element-518fa85 e-con-full e-flex e-con e-child\" data-id=\"518fa85\" data-element_type=\"container\" data-e-type=\"container\">\n\t\t\t\t<div class=\"elementor-element elementor-element-a2651c0 elementor-widget elementor-widget-text-editor\" data-id=\"a2651c0\" data-element_type=\"widget\" data-e-type=\"widget\" data-widget_type=\"text-editor.default\">\n\t\t\t\t<div class=\"elementor-widget-container\">\n\t\t\t\t\t\t\t\t\t<p>Una transmisi\u00f3n de chatarra puede valer la pena si usted compra a un proveedor de confianza. En A1 Salvage, nos aseguramos de que todas nuestras transmisiones usadas son inspeccionados y probados a fondo, que le ofrece una opci\u00f3n fiable y de bajo presupuesto. Es importante elegir una fuente de buena reputaci\u00f3n para evitar posibles problemas con la calidad o la compatibilidad.<\/p>\t\t\t\t\t\t\t\t<\/div>\n\t\t\t\t<\/div>\n\t\t\t\t<\/div>\n\t\t\t\t\t<\/details>\n\t\t\t\t\t\t<details id=\"e-n-accordion-item-5414\" class=\"e-n-accordion-item\" >\n\t\t\t\t<summary class=\"e-n-accordion-item-title\" data-accordion-index=\"5\" tabindex=\"-1\" aria-expanded=\"false\" aria-controls=\"e-n-accordion-item-5414\" >\n\t\t\t\t\t<span class='e-n-accordion-item-title-header'><div class=\"e-n-accordion-item-title-text\"> \u00bfNecesito programaci\u00f3n inform\u00e1tica cuando se sustituye una transmisi\u00f3n? <\/div><\/span>\n\t\t\t\t\t\t\t\t\t<\/summary>\n\t\t\t\t<div role=\"region\" aria-labelledby=\"e-n-accordion-item-5414\" class=\"elementor-element elementor-element-b983989 e-con-full e-flex e-con e-child\" data-id=\"b983989\" data-element_type=\"container\" data-e-type=\"container\">\n\t\t\t\t<div class=\"elementor-element elementor-element-532ffe9 elementor-widget elementor-widget-text-editor\" data-id=\"532ffe9\" data-element_type=\"widget\" data-e-type=\"widget\" data-widget_type=\"text-editor.default\">\n\t\t\t\t<div class=\"elementor-widget-container\">\n\t\t\t\t\t\t\t\t\t<p>S\u00ed, en muchos casos es necesario programar el ordenador cuando se sustituye una transmisi\u00f3n, especialmente en los veh\u00edculos m\u00e1s nuevos. Esto garantiza que la transmisi\u00f3n y el sistema inform\u00e1tico de a bordo del veh\u00edculo se comuniquen correctamente,<\/p>\t\t\t\t\t\t\t\t<\/div>\n\t\t\t\t<\/div>\n\t\t\t\t<\/div>\n\t\t\t\t\t<\/details>\n\t\t\t\t\t<\/div>\n\t\t\t\t\t\t<\/div>\n\t\t\t\t<\/div>\n\t\t\t\t<\/div>\n\t\t\t\t\t<\/div>\n\t\t\t\t<\/div>\n\t\t\t\t<\/div>\n\t\t","protected":false},"excerpt":{"rendered":"<p>A1 Salvage Junkyard FAQ Preguntas m\u00e1s frecuentes (FAQ) &#8211; A1 Salvage Junkyard En A1 Salvage, estamos comprometidos a proporcionar piezas de autom\u00f3viles usados de alta calidad y un servicio al cliente excepcional. A continuaci\u00f3n se presentan algunas preguntas frecuentes para ayudarle a entender mejor nuestros servicios. Tambi\u00e9n nos hemos asegurado de incorporar las mejores pr\u00e1cticas [&hellip;]<\/p>\n","protected":false},"author":1,"featured_media":0,"parent":0,"menu_order":0,"comment_status":"closed","ping_status":"closed","template":"","meta":{"footnotes":""},"class_list":["post-582","page","type-page","status-publish","hentry"],"yoast_head":"<!-- This site is optimized with the Yoast SEO plugin v27.5 - https:\/\/yoast.com\/product\/yoast-seo-wordpress\/ -->\n<title>FAQ - A1-Salvage\/ES<\/title>\n<meta name=\"robots\" content=\"index, follow, max-snippet:-1, max-image-preview:large, max-video-preview:-1\" \/>\n<link rel=\"canonical\" href=\"https:\/\/a1-salvage.com\/es\/faq\/\" \/>\n<meta property=\"og:locale\" content=\"en_US\" \/>\n<meta property=\"og:type\" content=\"article\" \/>\n<meta property=\"og:title\" content=\"FAQ - A1-Salvage\/ES\" \/>\n<meta property=\"og:description\" content=\"A1 Salvage Junkyard FAQ Preguntas m\u00e1s frecuentes (FAQ) &#8211; A1 Salvage Junkyard En A1 Salvage, estamos comprometidos a proporcionar piezas de autom\u00f3viles usados de alta calidad y un servicio al cliente excepcional. A continuaci\u00f3n se presentan algunas preguntas frecuentes para ayudarle a entender mejor nuestros servicios. Tambi\u00e9n nos hemos asegurado de incorporar las mejores pr\u00e1cticas [&hellip;]\" \/>\n<meta property=\"og:url\" content=\"https:\/\/a1-salvage.com\/es\/faq\/\" \/>\n<meta property=\"og:site_name\" content=\"A1-Salvage\/ES\" \/>\n<meta property=\"article:modified_time\" content=\"2025-06-08T05:04:32+00:00\" \/>\n<meta name=\"twitter:card\" content=\"summary_large_image\" \/>\n<meta name=\"twitter:label1\" content=\"Est. reading time\" \/>\n\t<meta name=\"twitter:data1\" content=\"4 minutes\" \/>\n<script type=\"application\/ld+json\" class=\"yoast-schema-graph\">{\"@context\":\"https:\\\/\\\/schema.org\",\"@graph\":[{\"@type\":\"WebPage\",\"@id\":\"https:\\\/\\\/a1-salvage.com\\\/es\\\/faq\\\/\",\"url\":\"https:\\\/\\\/a1-salvage.com\\\/es\\\/faq\\\/\",\"name\":\"FAQ - A1-Salvage\\\/ES\",\"isPartOf\":{\"@id\":\"https:\\\/\\\/a1-salvage.com\\\/es\\\/#website\"},\"datePublished\":\"2025-04-17T05:55:30+00:00\",\"dateModified\":\"2025-06-08T05:04:32+00:00\",\"breadcrumb\":{\"@id\":\"https:\\\/\\\/a1-salvage.com\\\/es\\\/faq\\\/#breadcrumb\"},\"inLanguage\":\"en-US\",\"potentialAction\":[{\"@type\":\"ReadAction\",\"target\":[\"https:\\\/\\\/a1-salvage.com\\\/es\\\/faq\\\/\"]}]},{\"@type\":\"BreadcrumbList\",\"@id\":\"https:\\\/\\\/a1-salvage.com\\\/es\\\/faq\\\/#breadcrumb\",\"itemListElement\":[{\"@type\":\"ListItem\",\"position\":1,\"name\":\"Home\",\"item\":\"https:\\\/\\\/a1-salvage.com\\\/es\\\/\"},{\"@type\":\"ListItem\",\"position\":2,\"name\":\"FAQ\"}]},{\"@type\":\"WebSite\",\"@id\":\"https:\\\/\\\/a1-salvage.com\\\/es\\\/#website\",\"url\":\"https:\\\/\\\/a1-salvage.com\\\/es\\\/\",\"name\":\"A1-Salvage\\\/ES\",\"description\":\"Piezas de autos usadas y deshuesadero en San Antonio\",\"publisher\":{\"@id\":\"https:\\\/\\\/a1-salvage.com\\\/es\\\/#organization\"},\"potentialAction\":[{\"@type\":\"SearchAction\",\"target\":{\"@type\":\"EntryPoint\",\"urlTemplate\":\"https:\\\/\\\/a1-salvage.com\\\/es\\\/?s={search_term_string}\"},\"query-input\":{\"@type\":\"PropertyValueSpecification\",\"valueRequired\":true,\"valueName\":\"search_term_string\"}}],\"inLanguage\":\"en-US\"},{\"@type\":\"Organization\",\"@id\":\"https:\\\/\\\/a1-salvage.com\\\/es\\\/#organization\",\"name\":\"A1-Salvage\\\/ES\",\"url\":\"https:\\\/\\\/a1-salvage.com\\\/es\\\/\",\"logo\":{\"@type\":\"ImageObject\",\"inLanguage\":\"en-US\",\"@id\":\"https:\\\/\\\/a1-salvage.com\\\/es\\\/#\\\/schema\\\/logo\\\/image\\\/\",\"url\":\"https:\\\/\\\/a1-salvage.com\\\/es\\\/wp-content\\\/uploads\\\/sites\\\/2\\\/2025\\\/01\\\/A-1-SALVAGE-Junkyard-in-San-Antonio.png\",\"contentUrl\":\"https:\\\/\\\/a1-salvage.com\\\/es\\\/wp-content\\\/uploads\\\/sites\\\/2\\\/2025\\\/01\\\/A-1-SALVAGE-Junkyard-in-San-Antonio.png\",\"width\":409,\"height\":47,\"caption\":\"A1-Salvage\\\/ES\"},\"image\":{\"@id\":\"https:\\\/\\\/a1-salvage.com\\\/es\\\/#\\\/schema\\\/logo\\\/image\\\/\"}}]}<\/script>\n<!-- \/ Yoast SEO plugin. -->","yoast_head_json":{"title":"FAQ - A1-Salvage\/ES","robots":{"index":"index","follow":"follow","max-snippet":"max-snippet:-1","max-image-preview":"max-image-preview:large","max-video-preview":"max-video-preview:-1"},"canonical":"https:\/\/a1-salvage.com\/es\/faq\/","og_locale":"en_US","og_type":"article","og_title":"FAQ - A1-Salvage\/ES","og_description":"A1 Salvage Junkyard FAQ Preguntas m\u00e1s frecuentes (FAQ) &#8211; A1 Salvage Junkyard En A1 Salvage, estamos comprometidos a proporcionar piezas de autom\u00f3viles usados de alta calidad y un servicio al cliente excepcional. A continuaci\u00f3n se presentan algunas preguntas frecuentes para ayudarle a entender mejor nuestros servicios. Tambi\u00e9n nos hemos asegurado de incorporar las mejores pr\u00e1cticas [&hellip;]","og_url":"https:\/\/a1-salvage.com\/es\/faq\/","og_site_name":"A1-Salvage\/ES","article_modified_time":"2025-06-08T05:04:32+00:00","twitter_card":"summary_large_image","twitter_misc":{"Est. reading time":"4 minutes"},"schema":{"@context":"https:\/\/schema.org","@graph":[{"@type":"WebPage","@id":"https:\/\/a1-salvage.com\/es\/faq\/","url":"https:\/\/a1-salvage.com\/es\/faq\/","name":"FAQ - A1-Salvage\/ES","isPartOf":{"@id":"https:\/\/a1-salvage.com\/es\/#website"},"datePublished":"2025-04-17T05:55:30+00:00","dateModified":"2025-06-08T05:04:32+00:00","breadcrumb":{"@id":"https:\/\/a1-salvage.com\/es\/faq\/#breadcrumb"},"inLanguage":"en-US","potentialAction":[{"@type":"ReadAction","target":["https:\/\/a1-salvage.com\/es\/faq\/"]}]},{"@type":"BreadcrumbList","@id":"https:\/\/a1-salvage.com\/es\/faq\/#breadcrumb","itemListElement":[{"@type":"ListItem","position":1,"name":"Home","item":"https:\/\/a1-salvage.com\/es\/"},{"@type":"ListItem","position":2,"name":"FAQ"}]},{"@type":"WebSite","@id":"https:\/\/a1-salvage.com\/es\/#website","url":"https:\/\/a1-salvage.com\/es\/","name":"A1-Salvage\/ES","description":"Piezas de autos usadas y deshuesadero en San Antonio","publisher":{"@id":"https:\/\/a1-salvage.com\/es\/#organization"},"potentialAction":[{"@type":"SearchAction","target":{"@type":"EntryPoint","urlTemplate":"https:\/\/a1-salvage.com\/es\/?s={search_term_string}"},"query-input":{"@type":"PropertyValueSpecification","valueRequired":true,"valueName":"search_term_string"}}],"inLanguage":"en-US"},{"@type":"Organization","@id":"https:\/\/a1-salvage.com\/es\/#organization","name":"A1-Salvage\/ES","url":"https:\/\/a1-salvage.com\/es\/","logo":{"@type":"ImageObject","inLanguage":"en-US","@id":"https:\/\/a1-salvage.com\/es\/#\/schema\/logo\/image\/","url":"https:\/\/a1-salvage.com\/es\/wp-content\/uploads\/sites\/2\/2025\/01\/A-1-SALVAGE-Junkyard-in-San-Antonio.png","contentUrl":"https:\/\/a1-salvage.com\/es\/wp-content\/uploads\/sites\/2\/2025\/01\/A-1-SALVAGE-Junkyard-in-San-Antonio.png","width":409,"height":47,"caption":"A1-Salvage\/ES"},"image":{"@id":"https:\/\/a1-salvage.com\/es\/#\/schema\/logo\/image\/"}}]}},"_links":{"self":[{"href":"https:\/\/a1-salvage.com\/es\/wp-json\/wp\/v2\/pages\/582","targetHints":{"allow":["GET"]}}],"collection":[{"href":"https:\/\/a1-salvage.com\/es\/wp-json\/wp\/v2\/pages"}],"about":[{"href":"https:\/\/a1-salvage.com\/es\/wp-json\/wp\/v2\/types\/page"}],"author":[{"embeddable":true,"href":"https:\/\/a1-salvage.com\/es\/wp-json\/wp\/v2\/users\/1"}],"replies":[{"embeddable":true,"href":"https:\/\/a1-salvage.com\/es\/wp-json\/wp\/v2\/comments?post=582"}],"version-history":[{"count":4,"href":"https:\/\/a1-salvage.com\/es\/wp-json\/wp\/v2\/pages\/582\/revisions"}],"predecessor-version":[{"id":1940,"href":"https:\/\/a1-salvage.com\/es\/wp-json\/wp\/v2\/pages\/582\/revisions\/1940"}],"wp:attachment":[{"href":"https:\/\/a1-salvage.com\/es\/wp-json\/wp\/v2\/media?parent=582"}],"curies":[{"name":"wp","href":"https:\/\/api.w.org\/{rel}","templated":true}]}}