{"id":840,"date":"2025-04-24T07:35:51","date_gmt":"2025-04-24T07:35:51","guid":{"rendered":"https:\/\/a1-salvage.com\/?page_id=840"},"modified":"2025-06-09T02:22:07","modified_gmt":"2025-06-09T02:22:07","slug":"dmca-policy","status":"publish","type":"page","link":"https:\/\/a1-salvage.com\/es\/dmca-policy\/","title":{"rendered":"Pol\u00edtica DMCA"},"content":{"rendered":"\t\t<div data-elementor-type=\"wp-page\" data-elementor-id=\"840\" class=\"elementor elementor-840\" data-elementor-post-type=\"page\">\n\t\t\t\t<header class=\"elementor-element elementor-element-2ceb00d e-flex e-con-boxed e-con e-parent\" data-id=\"2ceb00d\" data-element_type=\"container\" data-e-type=\"container\" data-settings=\"{&quot;background_background&quot;:&quot;classic&quot;}\">\n\t\t\t\t\t<div class=\"e-con-inner\">\n\t\t<div class=\"elementor-element elementor-element-90a2971 e-con-full e-flex e-con e-child\" data-id=\"90a2971\" data-element_type=\"container\" data-e-type=\"container\">\n\t\t\t\t<div class=\"elementor-element elementor-element-51e2e9d elementor-invisible elementor-widget elementor-widget-heading\" data-id=\"51e2e9d\" data-element_type=\"widget\" data-e-type=\"widget\" data-settings=\"{&quot;_animation&quot;:&quot;fadeInDown&quot;,&quot;_animation_delay&quot;:&quot;200&quot;}\" data-widget_type=\"heading.default\">\n\t\t\t\t<div class=\"elementor-widget-container\">\n\t\t\t\t\t<h1 class=\"elementor-heading-title elementor-size-default\">Pol\u00edtica DMCA para A1 Salvage<\/h1>\t\t\t\t<\/div>\n\t\t\t\t<\/div>\n\t\t\t\t<div class=\"elementor-element elementor-element-894eac1 elementor-widget elementor-widget-text-editor\" data-id=\"894eac1\" data-element_type=\"widget\" data-e-type=\"widget\" data-widget_type=\"text-editor.default\">\n\t\t\t\t<div class=\"elementor-widget-container\">\n\t\t\t\t\t\t\t\t\t<p>A1 Salvage dep\u00f3sito de chatarra y piezas usadas de autom\u00f3viles<\/p>\t\t\t\t\t\t\t\t<\/div>\n\t\t\t\t<\/div>\n\t\t\t\t<\/div>\n\t\t\t\t\t<\/div>\n\t\t\t\t<\/header>\n\t\t<div class=\"elementor-element elementor-element-bec56f8 e-flex e-con-boxed e-con e-parent\" data-id=\"bec56f8\" data-element_type=\"container\" data-e-type=\"container\">\n\t\t\t\t\t<div class=\"e-con-inner\">\n\t\t\t\t<div class=\"elementor-element elementor-element-689800e elementor-widget elementor-widget-text-editor\" data-id=\"689800e\" data-element_type=\"widget\" data-e-type=\"widget\" data-widget_type=\"text-editor.default\">\n\t\t\t\t<div class=\"elementor-widget-container\">\n\t\t\t\t\t\t\t\t\t<h2>Pol\u00edtica DMCA de A1 Salvage<\/h2><p>En A1 Salvage, respetamos los derechos de propiedad intelectual de terceros y esperamos que nuestros usuarios hagan lo mismo. Conforme a la Ley de Derechos de Autor Digital Millennium (DMCA) de 1998, responderemos de manera oportuna a cualquier reclamaci\u00f3n de infracci\u00f3n de derechos de autor que se realice a trav\u00e9s de nuestro sitio web (a1-salvage.com) y que sea reportada a nuestro Agente de Derechos de Autor designado.<\/p><hr \/><h3>1. Notificaci\u00f3n de infracci\u00f3n<\/h3><p>Si consideras que alg\u00fan contenido de nuestro sitio web infringe tus derechos de autor, puedes enviar una notificaci\u00f3n a nuestro Agente de Derechos de Autor designado, incluyendo la siguiente informaci\u00f3n:<\/p><ul><li><p>Una firma f\u00edsica o electr\u00f3nica del titular de los derechos de autor o de una persona autorizada para actuar en su nombre.<\/p><\/li><li><p>Una descripci\u00f3n de la obra protegida que consideras ha sido infringida.<\/p><\/li><li><p>Una descripci\u00f3n precisa del material que alegas que infringe y su ubicaci\u00f3n en el sitio web.<\/p><\/li><li><p>Tu direcci\u00f3n f\u00edsica, n\u00famero de tel\u00e9fono y direcci\u00f3n de correo electr\u00f3nico.<\/p><\/li><li><p>Una declaraci\u00f3n, bajo buena fe, de que el uso del material no est\u00e1 autorizado por el titular de los derechos, su representante o la ley.<\/p><\/li><li><p>Una declaraci\u00f3n, hecha bajo pena de perjurio, de que la informaci\u00f3n contenida en tu notificaci\u00f3n es precisa y que t\u00fa eres el titular de los derechos o est\u00e1s autorizado a actuar en su nombre.<\/p><\/li><\/ul><p><strong>Env\u00eda tu notificaci\u00f3n DMCA a:<\/strong><\/p><p><strong>Agente de Derechos de Autor designado:<\/strong><br \/>A1 Salvage<br \/>Correo electr\u00f3nico: <a href=\"mailto:info@a1-salvage.com\">info@a1-salvage.com<\/a><br \/>Direcci\u00f3n: 9643 New Laredo Hwy, San Antonio, TX 78211, Estados Unidos<br \/>Tel\u00e9fono: +1 210-623-1155<\/p><hr \/><h3>2. Contra-notificaci\u00f3n<\/h3><p>Si consideras que el contenido fue eliminado o su acceso fue restringido por error o identificaci\u00f3n incorrecta, puedes enviar una contra-notificaci\u00f3n escrita a nuestro Agente de Derechos de Autor designado que incluya lo siguiente:<\/p><ul><li><p>Tu firma f\u00edsica o electr\u00f3nica.<\/p><\/li><li><p>Identificaci\u00f3n del contenido que fue eliminado o al cual se le deshabilit\u00f3 el acceso, y la ubicaci\u00f3n donde aparec\u00eda antes.<\/p><\/li><li><p>Una declaraci\u00f3n de buena fe en la que afirmas que el contenido fue eliminado o deshabilitado como resultado de un error o identificaci\u00f3n incorrecta.<\/p><\/li><li><p>Tu nombre, direcci\u00f3n, n\u00famero de tel\u00e9fono, direcci\u00f3n de correo electr\u00f3nico y una declaraci\u00f3n en la que aceptas la jurisdicci\u00f3n del tribunal federal correspondiente a tu ubicaci\u00f3n y aceptas recibir notificaciones legales por parte de la persona que present\u00f3 la reclamaci\u00f3n original o su representante.<\/p><\/li><\/ul><hr \/><h3>3. Infractores reincidentes<\/h3><p>De acuerdo con la DMCA y otras leyes aplicables, hemos adoptado una pol\u00edtica para, bajo ciertas circunstancias y a nuestra entera discreci\u00f3n, cancelar el acceso de los usuarios que se consideren infractores reincidentes. Tambi\u00e9n podemos limitar el acceso al sitio web o cancelar cuentas de usuarios que infrinjan derechos de propiedad intelectual, incluso si no son reincidentes.<\/p><hr \/><h3>4. Modificaciones de esta pol\u00edtica<\/h3><p>A1 Salvage se reserva el derecho de modificar, actualizar o alterar esta pol\u00edtica en cualquier momento. Notificaremos cualquier cambio importante publicando la versi\u00f3n actualizada en nuestro sitio web.<\/p><hr \/><h3>5. Informaci\u00f3n de contacto<\/h3><p>Si tienes preguntas sobre esta Pol\u00edtica DMCA, por favor comun\u00edcate con nuestro Agente de Derechos de Autor:<\/p><p>Correo electr\u00f3nico: <a href=\"mailto:info@a1-salvage.com\">info@a1-salvage.com<\/a><br \/>Tel\u00e9fono: +1 210-623-1155<\/p><p>\u00a0<\/p>\t\t\t\t\t\t\t\t<\/div>\n\t\t\t\t<\/div>\n\t\t\t\t\t<\/div>\n\t\t\t\t<\/div>\n\t\t\t\t<\/div>\n\t\t","protected":false},"excerpt":{"rendered":"<p>Pol\u00edtica DMCA para A1 Salvage A1 Salvage dep\u00f3sito de chatarra y piezas usadas de autom\u00f3viles Pol\u00edtica DMCA de A1 Salvage En A1 Salvage, respetamos los derechos de propiedad intelectual de terceros y esperamos que nuestros usuarios hagan lo mismo. Conforme a la Ley de Derechos de Autor Digital Millennium (DMCA) de 1998, responderemos de manera [&hellip;]<\/p>\n","protected":false},"author":1,"featured_media":0,"parent":0,"menu_order":0,"comment_status":"closed","ping_status":"closed","template":"","meta":{"footnotes":""},"class_list":["post-840","page","type-page","status-publish","hentry"],"yoast_head":"<!-- This site is optimized with the Yoast SEO plugin v27.5 - https:\/\/yoast.com\/product\/yoast-seo-wordpress\/ -->\n<title>Pol\u00edtica DMCA - A1-Salvage\/ES<\/title>\n<meta name=\"robots\" content=\"index, follow, max-snippet:-1, max-image-preview:large, max-video-preview:-1\" \/>\n<link rel=\"canonical\" href=\"https:\/\/a1-salvage.com\/es\/dmca-policy\/\" \/>\n<meta property=\"og:locale\" content=\"en_US\" \/>\n<meta property=\"og:type\" content=\"article\" \/>\n<meta property=\"og:title\" content=\"Pol\u00edtica DMCA - A1-Salvage\/ES\" \/>\n<meta property=\"og:description\" content=\"Pol\u00edtica DMCA para A1 Salvage A1 Salvage dep\u00f3sito de chatarra y piezas usadas de autom\u00f3viles Pol\u00edtica DMCA de A1 Salvage En A1 Salvage, respetamos los derechos de propiedad intelectual de terceros y esperamos que nuestros usuarios hagan lo mismo. Conforme a la Ley de Derechos de Autor Digital Millennium (DMCA) de 1998, responderemos de manera [&hellip;]\" \/>\n<meta property=\"og:url\" content=\"https:\/\/a1-salvage.com\/es\/dmca-policy\/\" \/>\n<meta property=\"og:site_name\" content=\"A1-Salvage\/ES\" \/>\n<meta property=\"article:modified_time\" content=\"2025-06-09T02:22:07+00:00\" \/>\n<meta name=\"twitter:card\" content=\"summary_large_image\" \/>\n<meta name=\"twitter:label1\" content=\"Est. reading time\" \/>\n\t<meta name=\"twitter:data1\" content=\"3 minutes\" \/>\n<script type=\"application\/ld+json\" class=\"yoast-schema-graph\">{\"@context\":\"https:\\\/\\\/schema.org\",\"@graph\":[{\"@type\":\"WebPage\",\"@id\":\"https:\\\/\\\/a1-salvage.com\\\/es\\\/dmca-policy\\\/\",\"url\":\"https:\\\/\\\/a1-salvage.com\\\/es\\\/dmca-policy\\\/\",\"name\":\"Pol\u00edtica DMCA - A1-Salvage\\\/ES\",\"isPartOf\":{\"@id\":\"https:\\\/\\\/a1-salvage.com\\\/es\\\/#website\"},\"datePublished\":\"2025-04-24T07:35:51+00:00\",\"dateModified\":\"2025-06-09T02:22:07+00:00\",\"breadcrumb\":{\"@id\":\"https:\\\/\\\/a1-salvage.com\\\/es\\\/dmca-policy\\\/#breadcrumb\"},\"inLanguage\":\"en-US\",\"potentialAction\":[{\"@type\":\"ReadAction\",\"target\":[\"https:\\\/\\\/a1-salvage.com\\\/es\\\/dmca-policy\\\/\"]}]},{\"@type\":\"BreadcrumbList\",\"@id\":\"https:\\\/\\\/a1-salvage.com\\\/es\\\/dmca-policy\\\/#breadcrumb\",\"itemListElement\":[{\"@type\":\"ListItem\",\"position\":1,\"name\":\"Home\",\"item\":\"https:\\\/\\\/a1-salvage.com\\\/es\\\/\"},{\"@type\":\"ListItem\",\"position\":2,\"name\":\"Pol\u00edtica DMCA\"}]},{\"@type\":\"WebSite\",\"@id\":\"https:\\\/\\\/a1-salvage.com\\\/es\\\/#website\",\"url\":\"https:\\\/\\\/a1-salvage.com\\\/es\\\/\",\"name\":\"A1-Salvage\\\/ES\",\"description\":\"Piezas de autos usadas y deshuesadero en San Antonio\",\"publisher\":{\"@id\":\"https:\\\/\\\/a1-salvage.com\\\/es\\\/#organization\"},\"potentialAction\":[{\"@type\":\"SearchAction\",\"target\":{\"@type\":\"EntryPoint\",\"urlTemplate\":\"https:\\\/\\\/a1-salvage.com\\\/es\\\/?s={search_term_string}\"},\"query-input\":{\"@type\":\"PropertyValueSpecification\",\"valueRequired\":true,\"valueName\":\"search_term_string\"}}],\"inLanguage\":\"en-US\"},{\"@type\":\"Organization\",\"@id\":\"https:\\\/\\\/a1-salvage.com\\\/es\\\/#organization\",\"name\":\"A1-Salvage\\\/ES\",\"url\":\"https:\\\/\\\/a1-salvage.com\\\/es\\\/\",\"logo\":{\"@type\":\"ImageObject\",\"inLanguage\":\"en-US\",\"@id\":\"https:\\\/\\\/a1-salvage.com\\\/es\\\/#\\\/schema\\\/logo\\\/image\\\/\",\"url\":\"https:\\\/\\\/a1-salvage.com\\\/es\\\/wp-content\\\/uploads\\\/sites\\\/2\\\/2025\\\/01\\\/A-1-SALVAGE-Junkyard-in-San-Antonio.png\",\"contentUrl\":\"https:\\\/\\\/a1-salvage.com\\\/es\\\/wp-content\\\/uploads\\\/sites\\\/2\\\/2025\\\/01\\\/A-1-SALVAGE-Junkyard-in-San-Antonio.png\",\"width\":409,\"height\":47,\"caption\":\"A1-Salvage\\\/ES\"},\"image\":{\"@id\":\"https:\\\/\\\/a1-salvage.com\\\/es\\\/#\\\/schema\\\/logo\\\/image\\\/\"}}]}<\/script>\n<!-- \/ Yoast SEO plugin. -->","yoast_head_json":{"title":"Pol\u00edtica DMCA - A1-Salvage\/ES","robots":{"index":"index","follow":"follow","max-snippet":"max-snippet:-1","max-image-preview":"max-image-preview:large","max-video-preview":"max-video-preview:-1"},"canonical":"https:\/\/a1-salvage.com\/es\/dmca-policy\/","og_locale":"en_US","og_type":"article","og_title":"Pol\u00edtica DMCA - A1-Salvage\/ES","og_description":"Pol\u00edtica DMCA para A1 Salvage A1 Salvage dep\u00f3sito de chatarra y piezas usadas de autom\u00f3viles Pol\u00edtica DMCA de A1 Salvage En A1 Salvage, respetamos los derechos de propiedad intelectual de terceros y esperamos que nuestros usuarios hagan lo mismo. Conforme a la Ley de Derechos de Autor Digital Millennium (DMCA) de 1998, responderemos de manera [&hellip;]","og_url":"https:\/\/a1-salvage.com\/es\/dmca-policy\/","og_site_name":"A1-Salvage\/ES","article_modified_time":"2025-06-09T02:22:07+00:00","twitter_card":"summary_large_image","twitter_misc":{"Est. reading time":"3 minutes"},"schema":{"@context":"https:\/\/schema.org","@graph":[{"@type":"WebPage","@id":"https:\/\/a1-salvage.com\/es\/dmca-policy\/","url":"https:\/\/a1-salvage.com\/es\/dmca-policy\/","name":"Pol\u00edtica DMCA - A1-Salvage\/ES","isPartOf":{"@id":"https:\/\/a1-salvage.com\/es\/#website"},"datePublished":"2025-04-24T07:35:51+00:00","dateModified":"2025-06-09T02:22:07+00:00","breadcrumb":{"@id":"https:\/\/a1-salvage.com\/es\/dmca-policy\/#breadcrumb"},"inLanguage":"en-US","potentialAction":[{"@type":"ReadAction","target":["https:\/\/a1-salvage.com\/es\/dmca-policy\/"]}]},{"@type":"BreadcrumbList","@id":"https:\/\/a1-salvage.com\/es\/dmca-policy\/#breadcrumb","itemListElement":[{"@type":"ListItem","position":1,"name":"Home","item":"https:\/\/a1-salvage.com\/es\/"},{"@type":"ListItem","position":2,"name":"Pol\u00edtica DMCA"}]},{"@type":"WebSite","@id":"https:\/\/a1-salvage.com\/es\/#website","url":"https:\/\/a1-salvage.com\/es\/","name":"A1-Salvage\/ES","description":"Piezas de autos usadas y deshuesadero en San Antonio","publisher":{"@id":"https:\/\/a1-salvage.com\/es\/#organization"},"potentialAction":[{"@type":"SearchAction","target":{"@type":"EntryPoint","urlTemplate":"https:\/\/a1-salvage.com\/es\/?s={search_term_string}"},"query-input":{"@type":"PropertyValueSpecification","valueRequired":true,"valueName":"search_term_string"}}],"inLanguage":"en-US"},{"@type":"Organization","@id":"https:\/\/a1-salvage.com\/es\/#organization","name":"A1-Salvage\/ES","url":"https:\/\/a1-salvage.com\/es\/","logo":{"@type":"ImageObject","inLanguage":"en-US","@id":"https:\/\/a1-salvage.com\/es\/#\/schema\/logo\/image\/","url":"https:\/\/a1-salvage.com\/es\/wp-content\/uploads\/sites\/2\/2025\/01\/A-1-SALVAGE-Junkyard-in-San-Antonio.png","contentUrl":"https:\/\/a1-salvage.com\/es\/wp-content\/uploads\/sites\/2\/2025\/01\/A-1-SALVAGE-Junkyard-in-San-Antonio.png","width":409,"height":47,"caption":"A1-Salvage\/ES"},"image":{"@id":"https:\/\/a1-salvage.com\/es\/#\/schema\/logo\/image\/"}}]}},"_links":{"self":[{"href":"https:\/\/a1-salvage.com\/es\/wp-json\/wp\/v2\/pages\/840","targetHints":{"allow":["GET"]}}],"collection":[{"href":"https:\/\/a1-salvage.com\/es\/wp-json\/wp\/v2\/pages"}],"about":[{"href":"https:\/\/a1-salvage.com\/es\/wp-json\/wp\/v2\/types\/page"}],"author":[{"embeddable":true,"href":"https:\/\/a1-salvage.com\/es\/wp-json\/wp\/v2\/users\/1"}],"replies":[{"embeddable":true,"href":"https:\/\/a1-salvage.com\/es\/wp-json\/wp\/v2\/comments?post=840"}],"version-history":[{"count":4,"href":"https:\/\/a1-salvage.com\/es\/wp-json\/wp\/v2\/pages\/840\/revisions"}],"predecessor-version":[{"id":1983,"href":"https:\/\/a1-salvage.com\/es\/wp-json\/wp\/v2\/pages\/840\/revisions\/1983"}],"wp:attachment":[{"href":"https:\/\/a1-salvage.com\/es\/wp-json\/wp\/v2\/media?parent=840"}],"curies":[{"name":"wp","href":"https:\/\/api.w.org\/{rel}","templated":true}]}}